{"id":437,"date":"2023-08-25T07:35:19","date_gmt":"2023-08-25T07:35:19","guid":{"rendered":"https:\/\/newsources.wpengine.com\/widerrufsbelehrung-widerrufsformular\/"},"modified":"2024-02-29T16:45:31","modified_gmt":"2024-02-29T15:45:31","slug":"widerrufsbelehrung-widerrufsformular","status":"publish","type":"page","link":"https:\/\/queensanddivassecret.com\/en\/widerrufsbelehrung-widerrufsformular\/","title":{"rendered":"Cancellation policy &amp; cancellation form"},"content":{"rendered":"<div data-elementor-type=\"wp-page\" data-elementor-id=\"437\" class=\"elementor elementor-437\" data-elementor-post-type=\"page\">\n\t\t\t\t\t\t<section class=\"elementor-section elementor-top-section elementor-element elementor-element-6b45e374 elementor-section-boxed elementor-section-height-default elementor-section-height-default\" data-id=\"6b45e374\" data-element_type=\"section\">\n\t\t\t\t\t\t<div class=\"elementor-container elementor-column-gap-default\">\n\t\t\t\t\t<div class=\"elementor-column elementor-col-100 elementor-top-column elementor-element elementor-element-2e3b52bb\" data-id=\"2e3b52bb\" data-element_type=\"column\">\n\t\t\t<div class=\"elementor-widget-wrap elementor-element-populated\">\n\t\t\t\t\t\t<div class=\"elementor-element elementor-element-19e01b74 elementor-widget elementor-widget-heading\" data-id=\"19e01b74\" data-element_type=\"widget\" data-widget_type=\"heading.default\">\n\t\t\t\t<div class=\"elementor-widget-container\">\n\t\t\t<style>\/*! elementor - v3.22.0 - 17-06-2024 *\/\n.elementor-heading-title{padding:0;margin:0;line-height:1}.elementor-widget-heading .elementor-heading-title[class*=elementor-size-]>a{color:inherit;font-size:inherit;line-height:inherit}.elementor-widget-heading .elementor-heading-title.elementor-size-small{font-size:15px}.elementor-widget-heading .elementor-heading-title.elementor-size-medium{font-size:19px}.elementor-widget-heading .elementor-heading-title.elementor-size-large{font-size:29px}.elementor-widget-heading .elementor-heading-title.elementor-size-xl{font-size:39px}.elementor-widget-heading .elementor-heading-title.elementor-size-xxl{font-size:59px}<\/style><h2 class=\"elementor-heading-title elementor-size-default\">Widerrufsbelehrung & Widerrufsformular<\/h2>\t\t<\/div>\n\t\t\t\t<\/div>\n\t\t\t\t<div class=\"elementor-element elementor-element-27672abd elementor-widget elementor-widget-text-editor\" data-id=\"27672abd\" data-element_type=\"widget\" data-widget_type=\"text-editor.default\">\n\t\t\t\t<div class=\"elementor-widget-container\">\n\t\t\t<style>\/*! elementor - v3.22.0 - 17-06-2024 *\/\n.elementor-widget-text-editor.elementor-drop-cap-view-stacked .elementor-drop-cap{background-color:#69727d;color:#fff}.elementor-widget-text-editor.elementor-drop-cap-view-framed .elementor-drop-cap{color:#69727d;border:3px solid;background-color:transparent}.elementor-widget-text-editor:not(.elementor-drop-cap-view-default) .elementor-drop-cap{margin-top:8px}.elementor-widget-text-editor:not(.elementor-drop-cap-view-default) .elementor-drop-cap-letter{width:1em;height:1em}.elementor-widget-text-editor .elementor-drop-cap{float:left;text-align:center;line-height:1;font-size:50px}.elementor-widget-text-editor .elementor-drop-cap-letter{display:inline-block}<\/style>\t\t\t\t<p><strong>Widerrufsrecht<\/strong><br \/>Sie k\u00f6nnen Ihre Vertragserkl\u00e4rung innerhalb von zwei Wochen ohne Angabe von Gr\u00fcnden in Textform (z.B. Brief, E-Mail) oder \u2013 wenn Ihnen die Sache vor Fristablauf \u00fcberlassen wird \u2013 durch R\u00fccksendung der Sache widerrufen. Die Frist beginnt nach Erhalt dieser Belehrung in Textform, jedoch nicht vor Eingang der Ware beim Empf\u00e4nger (bei der wiederkehrenden Lieferung gleichartiger Waren nicht vor Eingang der ersten Teillieferung) und auch nicht vor Erf\u00fcllung unserer Informationspflichten gem\u00e4\u00df \u00a7 312c Abs. 2 BGB in Verbindung mit \u00a7 1 Abs. 1, 2 und 4 BGB-InfoV sowie unserer Pflichten gem\u00e4\u00df \u00a7 312e Abs. 1 Satz 1 BGB in Verbindung mit \u00a7 3 BGB-InfoV. Zur Wahrung der Widerrufsfrist gen\u00fcgt die rechtzeitige Absendung des Widerrufs oder der Sache. Der Widerruf ist zu richten an:<\/p><p><strong>Queens &amp; Divas Secret<\/strong><br \/>Honorine Franke<br \/>Am Hahnenfeld 19, 34431, Marsberg<br \/>Telefon:\u00a0<a href=\"tel: 4915219527321\">01521 9527321<\/a><br \/>E-Mail:\u00a0<a href=\"mailto:queensanddivassecret@yahoo.com\">QUEENSANDDIVASSECRET@YAHOO.COM<\/a><\/p><p><strong>Widerrufsfolgen<\/strong><br \/>Im Fall eines wirksamen Widerrufs sind die beiderseits empfangenen Leistungen zur\u00fcckzugew\u00e4hren und ggf. gezogene Nutzungen (z.B. Zinsen) herauszugeben. K\u00f6nnen Sie uns die empfangene Leistung ganz oder teilweise nicht oder nur in verschlechtertem Zustand zur\u00fcckgew\u00e4hren, m\u00fcssen Sie uns insoweit ggf. Wertersatz leisten. Bei der \u00dcberlassung von Sachen gilt dies nicht, wenn die Verschlechterung der Sache ausschlie\u00dflich auf deren Pr\u00fcfung \u2013 wie sie Ihnen etwa im Ladengesch\u00e4ft m\u00f6glich gewesen w\u00e4re \u2013 zur\u00fcckzuf\u00fchren ist. Im \u00dcbrigen k\u00f6nnen Sie die Pflicht zum Wertersatz f\u00fcr eine durch die bestimmungsgem\u00e4\u00dfe Ingebrauchnahme der Sache entstandene Verschlechterung vermeiden, indem Sie die Sache nicht wie ihr Eigentum in Gebrauch nehmen und alles unterlassen, was deren Wert beeintr\u00e4chtigt. Paketversandf\u00e4hige Sachen sind auf unsere Gefahr zur\u00fcckzusenden. Sie haben die Kosten der R\u00fccksendung zu tragen, wenn die gelieferte Ware der bestellten entspricht und wenn der Preis der zur\u00fcckzusendenden Sache einen Betrag von 40 Euro nicht \u00fcbersteigt oder wenn Sie bei einem h\u00f6heren Preis der Sache zum Zeitpunkt des Widerrufs noch nicht die Gegenleistung oder eine vertraglich vereinbarte Teilzahlung erbracht haben. Anderenfalls ist die R\u00fccksendung f\u00fcr Sie kostenfrei. Nicht paketversandf\u00e4hige Sachen werden bei Ihnen abgeholt. Verpflichtungen zur Erstattung von Zahlungen m\u00fcssen innerhalb von 30 Tagen erf\u00fcllt werden. Die Frist beginnt f\u00fcr Sie mit der Absendung der Widerrufserkl\u00e4rung oder der Sache, f\u00fcr uns mit deren Empfang.<\/p><p><strong>Widerrufsformular<\/strong><br \/>Wenn Sie den Vertrag widerrufen wollen, dann f\u00fcllen Sie bitte dieses Formular aus und senden es zur\u00fcck.<\/p><p>An<br \/><strong>Queens &amp; Divas Secret<\/strong><br \/>Honorine Franke<br \/>Am Hahnenfeld 19, 34431, Marsberg<br \/>Telefon:\u00a0<a href=\"tel: 4915219527321\">01521 9527321<\/a><br \/>E-Mail:\u00a0<a href=\"mailto:queensanddivassecret@yahoo.com\">QUEENSANDDIVASSECRET@YAHOO.COM<\/a><\/p><p>Hiermit widerrufe(n) ich\/wir (*) den von mir\/uns (*) abgeschlossenen<br \/>Vertrag \u00fcber den Kauf der folgenden Waren (*)\/die Erbringung der<br \/>folgenden Dienstleistung (*)<br \/>_______________________________________________________<br \/>_______________________________________________________<br \/>Bestellt am (*) ____________ \/ erhalten am (*) __________________<br \/>________________________________________________________<br \/>Name des\/der Verbraucher(s)<br \/>________________________________________________________<br \/>Anschrift des\/der Verbraucher(s)<br \/>________________________________________________________<br \/>Unterschrift des\/der Verbraucher(s) (nur bei Mitteilung auf Papier)<br \/>_________________________<br \/>Datum<\/p><p>(*) Unzutreffendes streichen<\/p>\t\t\t\t\t\t<\/div>\n\t\t\t\t<\/div>\n\t\t\t\t\t<\/div>\n\t\t<\/div>\n\t\t\t\t\t<\/div>\n\t\t<\/section>\n\t\t\t\t<\/div>","protected":false},"excerpt":{"rendered":"<p>Widerrufsbelehrung &#038; Widerrufsformular WiderrufsrechtSie k\u00f6nnen Ihre Vertragserkl\u00e4rung innerhalb von zwei Wochen ohne Angabe von Gr\u00fcnden in Textform (z.B. Brief, E-Mail) oder \u2013 wenn Ihnen die Sache vor Fristablauf \u00fcberlassen wird \u2013 durch R\u00fccksendung der Sache widerrufen. Die Frist beginnt nach Erhalt dieser Belehrung in Textform, jedoch nicht vor Eingang der Ware beim Empf\u00e4nger (bei der [&hellip;]<\/p>","protected":false},"author":1,"featured_media":0,"parent":0,"menu_order":0,"comment_status":"closed","ping_status":"closed","template":"","meta":{"footnotes":""},"class_list":["post-437","page","type-page","status-publish","hentry"],"yoast_head":"<!-- This site is optimized with the Yoast SEO plugin v22.9 - https:\/\/yoast.com\/wordpress\/plugins\/seo\/ -->\n<title>Kosmetikartikel | Marsberg | Queens &amp; Divas Secret by Hono.Franke<\/title>\n<meta name=\"description\" content=\"Hier finden Sie unsere Widerrufsbelehrung und unser Widerrufsformular.\" \/>\n<meta name=\"robots\" content=\"index, follow, max-snippet:-1, max-image-preview:large, max-video-preview:-1\" \/>\n<link rel=\"canonical\" href=\"https:\/\/queensanddivassecret.com\/en\/widerrufsbelehrung-widerrufsformular\/\" \/>\n<meta property=\"og:locale\" content=\"en_GB\" \/>\n<meta property=\"og:type\" content=\"article\" \/>\n<meta property=\"og:title\" content=\"Kosmetikartikel | Marsberg | Queens &amp; Divas Secret by Hono.Franke\" \/>\n<meta property=\"og:description\" content=\"Hier finden Sie unsere Widerrufsbelehrung und unser Widerrufsformular.\" \/>\n<meta property=\"og:url\" content=\"https:\/\/queensanddivassecret.com\/en\/widerrufsbelehrung-widerrufsformular\/\" \/>\n<meta property=\"og:site_name\" content=\"Queens &amp; Divas Secret\" \/>\n<meta property=\"article:modified_time\" content=\"2024-02-29T15:45:31+00:00\" \/>\n<meta name=\"twitter:card\" content=\"summary_large_image\" \/>\n<meta name=\"twitter:label1\" content=\"Estimated reading time\" \/>\n\t<meta name=\"twitter:data1\" content=\"2 minutes\" \/>\n<script type=\"application\/ld+json\" class=\"yoast-schema-graph\">{\"@context\":\"https:\/\/schema.org\",\"@graph\":[{\"@type\":\"WebPage\",\"@id\":\"https:\/\/queensanddivassecret.com\/widerrufsbelehrung-widerrufsformular\/\",\"url\":\"https:\/\/queensanddivassecret.com\/widerrufsbelehrung-widerrufsformular\/\",\"name\":\"Kosmetikartikel | Marsberg | Queens & Divas Secret by Hono.Franke\",\"isPartOf\":{\"@id\":\"https:\/\/queensanddivassecret.com\/en\/#website\"},\"datePublished\":\"2023-08-25T07:35:19+00:00\",\"dateModified\":\"2024-02-29T15:45:31+00:00\",\"description\":\"Hier finden Sie unsere Widerrufsbelehrung und unser Widerrufsformular.\",\"breadcrumb\":{\"@id\":\"https:\/\/queensanddivassecret.com\/widerrufsbelehrung-widerrufsformular\/#breadcrumb\"},\"inLanguage\":\"en-GB\",\"potentialAction\":[{\"@type\":\"ReadAction\",\"target\":[\"https:\/\/queensanddivassecret.com\/widerrufsbelehrung-widerrufsformular\/\"]}]},{\"@type\":\"BreadcrumbList\",\"@id\":\"https:\/\/queensanddivassecret.com\/widerrufsbelehrung-widerrufsformular\/#breadcrumb\",\"itemListElement\":[{\"@type\":\"ListItem\",\"position\":1,\"name\":\"Home\",\"item\":\"https:\/\/queensanddivassecret.com\/\"},{\"@type\":\"ListItem\",\"position\":2,\"name\":\"Widerrufsbelehrung &#038; Widerrufsformular\"}]},{\"@type\":\"WebSite\",\"@id\":\"https:\/\/queensanddivassecret.com\/en\/#website\",\"url\":\"https:\/\/queensanddivassecret.com\/en\/\",\"name\":\"Queens &amp; Divas Secret\",\"description\":\"\",\"publisher\":{\"@id\":\"https:\/\/queensanddivassecret.com\/en\/#organization\"},\"potentialAction\":[{\"@type\":\"SearchAction\",\"target\":{\"@type\":\"EntryPoint\",\"urlTemplate\":\"https:\/\/queensanddivassecret.com\/en\/?s={search_term_string}\"},\"query-input\":\"required name=search_term_string\"}],\"inLanguage\":\"en-GB\"},{\"@type\":\"Organization\",\"@id\":\"https:\/\/queensanddivassecret.com\/en\/#organization\",\"name\":\"Queens &amp; Divas Secret\",\"url\":\"https:\/\/queensanddivassecret.com\/en\/\",\"logo\":{\"@type\":\"ImageObject\",\"inLanguage\":\"en-GB\",\"@id\":\"https:\/\/queensanddivassecret.com\/en\/#\/schema\/logo\/image\/\",\"url\":\"https:\/\/queensanddivassecret.com\/wp-content\/uploads\/2023\/11\/LogoHonorineFranke.jpg\",\"contentUrl\":\"https:\/\/queensanddivassecret.com\/wp-content\/uploads\/2023\/11\/LogoHonorineFranke.jpg\",\"width\":960,\"height\":850,\"caption\":\"Queens &amp; Divas Secret\"},\"image\":{\"@id\":\"https:\/\/queensanddivassecret.com\/en\/#\/schema\/logo\/image\/\"}}]}<\/script>\n<!-- \/ Yoast SEO plugin. -->","yoast_head_json":{"title":"Kosmetikartikel | Marsberg | Queens & Divas Secret by Hono.Franke","description":"Hier finden Sie unsere Widerrufsbelehrung und unser Widerrufsformular.","robots":{"index":"index","follow":"follow","max-snippet":"max-snippet:-1","max-image-preview":"max-image-preview:large","max-video-preview":"max-video-preview:-1"},"canonical":"https:\/\/queensanddivassecret.com\/en\/widerrufsbelehrung-widerrufsformular\/","og_locale":"en_GB","og_type":"article","og_title":"Kosmetikartikel | Marsberg | Queens & Divas Secret by Hono.Franke","og_description":"Hier finden Sie unsere Widerrufsbelehrung und unser Widerrufsformular.","og_url":"https:\/\/queensanddivassecret.com\/en\/widerrufsbelehrung-widerrufsformular\/","og_site_name":"Queens &amp; Divas Secret","article_modified_time":"2024-02-29T15:45:31+00:00","twitter_card":"summary_large_image","twitter_misc":{"Estimated reading time":"2 minutes"},"schema":{"@context":"https:\/\/schema.org","@graph":[{"@type":"WebPage","@id":"https:\/\/queensanddivassecret.com\/widerrufsbelehrung-widerrufsformular\/","url":"https:\/\/queensanddivassecret.com\/widerrufsbelehrung-widerrufsformular\/","name":"Kosmetikartikel | Marsberg | Queens & Divas Secret by Hono.Franke","isPartOf":{"@id":"https:\/\/queensanddivassecret.com\/en\/#website"},"datePublished":"2023-08-25T07:35:19+00:00","dateModified":"2024-02-29T15:45:31+00:00","description":"Hier finden Sie unsere Widerrufsbelehrung und unser Widerrufsformular.","breadcrumb":{"@id":"https:\/\/queensanddivassecret.com\/widerrufsbelehrung-widerrufsformular\/#breadcrumb"},"inLanguage":"en-GB","potentialAction":[{"@type":"ReadAction","target":["https:\/\/queensanddivassecret.com\/widerrufsbelehrung-widerrufsformular\/"]}]},{"@type":"BreadcrumbList","@id":"https:\/\/queensanddivassecret.com\/widerrufsbelehrung-widerrufsformular\/#breadcrumb","itemListElement":[{"@type":"ListItem","position":1,"name":"Home","item":"https:\/\/queensanddivassecret.com\/"},{"@type":"ListItem","position":2,"name":"Widerrufsbelehrung &#038; Widerrufsformular"}]},{"@type":"WebSite","@id":"https:\/\/queensanddivassecret.com\/en\/#website","url":"https:\/\/queensanddivassecret.com\/en\/","name":"Queens &amp; Divas Secret","description":"","publisher":{"@id":"https:\/\/queensanddivassecret.com\/en\/#organization"},"potentialAction":[{"@type":"SearchAction","target":{"@type":"EntryPoint","urlTemplate":"https:\/\/queensanddivassecret.com\/en\/?s={search_term_string}"},"query-input":"required name=search_term_string"}],"inLanguage":"en-GB"},{"@type":"Organization","@id":"https:\/\/queensanddivassecret.com\/en\/#organization","name":"Queens &amp; Divas Secret","url":"https:\/\/queensanddivassecret.com\/en\/","logo":{"@type":"ImageObject","inLanguage":"en-GB","@id":"https:\/\/queensanddivassecret.com\/en\/#\/schema\/logo\/image\/","url":"https:\/\/queensanddivassecret.com\/wp-content\/uploads\/2023\/11\/LogoHonorineFranke.jpg","contentUrl":"https:\/\/queensanddivassecret.com\/wp-content\/uploads\/2023\/11\/LogoHonorineFranke.jpg","width":960,"height":850,"caption":"Queens &amp; Divas Secret"},"image":{"@id":"https:\/\/queensanddivassecret.com\/en\/#\/schema\/logo\/image\/"}}]}},"_links":{"self":[{"href":"https:\/\/queensanddivassecret.com\/en\/wp-json\/wp\/v2\/pages\/437","targetHints":{"allow":["GET"]}}],"collection":[{"href":"https:\/\/queensanddivassecret.com\/en\/wp-json\/wp\/v2\/pages"}],"about":[{"href":"https:\/\/queensanddivassecret.com\/en\/wp-json\/wp\/v2\/types\/page"}],"author":[{"embeddable":true,"href":"https:\/\/queensanddivassecret.com\/en\/wp-json\/wp\/v2\/users\/1"}],"replies":[{"embeddable":true,"href":"https:\/\/queensanddivassecret.com\/en\/wp-json\/wp\/v2\/comments?post=437"}],"version-history":[{"count":6,"href":"https:\/\/queensanddivassecret.com\/en\/wp-json\/wp\/v2\/pages\/437\/revisions"}],"predecessor-version":[{"id":1925,"href":"https:\/\/queensanddivassecret.com\/en\/wp-json\/wp\/v2\/pages\/437\/revisions\/1925"}],"wp:attachment":[{"href":"https:\/\/queensanddivassecret.com\/en\/wp-json\/wp\/v2\/media?parent=437"}],"curies":[{"name":"wp","href":"https:\/\/api.w.org\/{rel}","templated":true}]}}