{"id":439,"date":"2023-08-25T07:35:19","date_gmt":"2023-08-25T07:35:19","guid":{"rendered":"https:\/\/newsources.wpengine.com\/allgemeine-geschaftsbedingungen\/"},"modified":"2026-03-31T13:49:40","modified_gmt":"2026-03-31T11:49:40","slug":"allgemeine-geschaeftsbedingungen","status":"publish","type":"page","link":"https:\/\/queensanddivassecret.com\/en\/allgemeine-geschaeftsbedingungen\/","title":{"rendered":"General terms and conditions of business"},"content":{"rendered":"<div data-elementor-type=\"wp-page\" data-elementor-id=\"439\" class=\"elementor elementor-439\" data-elementor-post-type=\"page\">\n\t\t\t\t\t\t<section class=\"elementor-section elementor-top-section elementor-element elementor-element-2506b81d elementor-section-boxed elementor-section-height-default elementor-section-height-default\" data-id=\"2506b81d\" data-element_type=\"section\" data-e-type=\"section\">\n\t\t\t\t\t\t<div class=\"elementor-container elementor-column-gap-default\">\n\t\t\t\t\t<div class=\"elementor-column elementor-col-100 elementor-top-column elementor-element elementor-element-60d22d5b\" data-id=\"60d22d5b\" data-element_type=\"column\" data-e-type=\"column\">\n\t\t\t<div class=\"elementor-widget-wrap elementor-element-populated\">\n\t\t\t\t\t\t<div class=\"elementor-element elementor-element-70faf07e elementor-widget elementor-widget-heading\" data-id=\"70faf07e\" data-element_type=\"widget\" data-e-type=\"widget\" data-widget_type=\"heading.default\">\n\t\t\t\t<div class=\"elementor-widget-container\">\n\t\t\t\t\t<p class=\"elementor-heading-title elementor-size-default\">General terms and conditions of business<\/p>\t\t\t\t<\/div>\n\t\t\t\t<\/div>\n\t\t\t\t<div class=\"elementor-element elementor-element-60056703 elementor-widget elementor-widget-text-editor\" data-id=\"60056703\" data-element_type=\"widget\" data-e-type=\"widget\" data-widget_type=\"text-editor.default\">\n\t\t\t\t<div class=\"elementor-widget-container\">\n\t\t\t\t\t\t\t\t\t<p><b>1. Geltungsbereich<\/b><\/p><p>Ihrer elektronischen Bestellung bei Queens &amp; Divas Secret liegen diese allgemeinen Gesch\u00e4ftsbedingungen zugrunde.<\/p><p><b>2. Vertragspartner<\/b><\/p><p>Der Kaufvertrag kommt zustande mit:<\/p><p>Queens &amp; Divas Secret<\/p><p>Am Hahnenfeld 19, 34431, Marsberg<\/p><p>Telefon: <a href=\"tel:+4915219527321\">01521 9527321<\/a><br \/>E-Mail: <a href=\"mailto:queensanddivassecret@yahoo.com\">queensanddivassecret@yahoo.com<\/a><\/p><p><b>3. Angebot und Vertragsschluss<\/b><\/p><p><b>3.1<\/b> Die Darstellung der Produkte im Online-Shop stellt kein rechtlich bindendes Angebot, sondern eine Aufforderung zur Abgabe einer Bestellung dar.<\/p><p><b>3.2<\/b> Durch Anklicken des Buttons &#8222;Jetzt kaufen&#8220; geben Sie eine verbindliche Willenserkl\u00e4rung zur Bestellung der auf der Bestellseite aufgelisteten Waren ab. Der Kaufvertrag kommt zustande, indem wir Ihre Bestellung unmittelbar nach deren Abschluss durch eine Best\u00e4tigungsmail an die von Ihnen angegebene E-Mail-Adresse best\u00e4tigen. Diese Best\u00e4tigungsmail enth\u00e4lt alle Daten der Bestellung inklusive der vorliegenden allgemeinen Gesch\u00e4ftsbedingungen.<\/p><p><b>3.3<\/b>. Die Warenbestellung mit Vertragsbedingungen wird bis zu deren Abwicklung von uns gespeichert. Ihnen liegen diese Daten in Form der gem\u00e4\u00df Ziffer 3.2. gesandten E-Mail nach Vertragsschluss vor. Dar\u00fcber hinaus haben Sie die M\u00f6glichkeit, den Vertragstext bei der Bestellung zu speichern bzw. ausdrucken.<\/p><p><b>3.4<\/b>. Der Vertragsschluss erfolgt in deutscher Sprache.<\/p><p><b>4. R\u00fccksendekosten<\/b><\/p><p>\u00dcben Sie Ihr gesetzliches Widerrufsrecht (Ziffer 5.) aus, haben Sie die Kosten der R\u00fccksendung zu tragen, wenn die gelieferte Ware der bestellten entspricht und wenn der Preis der zur\u00fcckzusendenden Sache einen Betrag von 200 Euro nicht \u00fcbersteigt oder wenn Sie bei einem h\u00f6heren Preis der Sache zum Zeitpunkt des Widerrufs noch nicht die Gegenleistung oder eine vertraglich vereinbarte Teilzahlung erbracht haben.<\/p><p><b>5. Widerrufsrecht<\/b><\/p><p>Verbraucher (\u00a7 13 BGB) haben ein gesetzliches Widerrufsrecht.<\/p><p><b>6. Liefergebiet und Kundenkreis<\/b><\/p><p><span style=\"color: #585858; font-family: 'Martel Sans', sans-serif;\">Bestellungen und Lieferungen sind weltweit m\u00f6glich. Je nach Land sind die Versandkosten anders.\u00a0<\/span><\/p><p><b>7. Preise und Versandkosten<\/b><\/p><p><b>7.1 Die auf den Produktseiten<\/b> genannten Preise enthalten die gesetzliche Umsatzsteuer und sonstigen Preisbestandteile.<\/p><p><b>7.2 Zus\u00e4tzlich zu den<\/b> angegebenen Preisen berechnen wir f\u00fcr die Lieferung Versandkosten. Die Versandkosten betragen 6,90 Euro innerhalb Deutschlands. Die Versandkosten werden Ihnen auf den Produktseiten, im Warenkorbsystem und auf der Bestellseite nochmals deutlich mitgeteilt.<\/p><p><b>8. Zahlung und Auslieferung<\/b><\/p><p><span style=\"color: #585858; font-family: 'Martel Sans', sans-serif;\">Der Kaufpreis ist im Voraus zu zahlen und ist mit Ihrer Bestellung f\u00e4llig. Die Ware wird erst versandt, wenn der Kaufpreis auf unserem Konto eingezahlt worden ist oder uns eine entsprechende Zahlungsgarantie Ihrer Bank vorliegt. Die Zahlung kann auf folgenden Wegen erfolgen.\u00a0<\/span><\/p><ul><li style=\"color: #585858; font-family: 'Martel Sans', sans-serif;\">Paypal<\/li><li style=\"color: #585858; font-family: 'Martel Sans', sans-serif;\">Bank\u00fcberweisung<\/li><\/ul><p><b>9. Eigentumsvorbehalt<\/b><\/p><p>Bis zur vollst\u00e4ndigen Zahlung bleibt die Ware unser Eigentum.<\/p><p>AGB-Fassung 29.02.2024<\/p>\t\t\t\t\t\t\t\t<\/div>\n\t\t\t\t<\/div>\n\t\t\t\t\t<\/div>\n\t\t<\/div>\n\t\t\t\t\t<\/div>\n\t\t<\/section>\n\t\t\t\t<\/div>","protected":false},"excerpt":{"rendered":"<p>Allgemeine Gesch\u00e4ftsbedingungen 1. Geltungsbereich Ihrer elektronischen Bestellung bei Queens &amp; Divas Secret liegen diese allgemeinen Gesch\u00e4ftsbedingungen zugrunde. 2. Vertragspartner Der Kaufvertrag kommt zustande mit: Queens &amp; Divas Secret Am Hahnenfeld 19, 34431, Marsberg Telefon: 01521 9527321E-Mail: queensanddivassecret@yahoo.com 3. Angebot und Vertragsschluss 3.1 Die Darstellung der Produkte im Online-Shop stellt kein rechtlich bindendes Angebot, sondern eine [&hellip;]<\/p>\n","protected":false},"author":1,"featured_media":0,"parent":0,"menu_order":0,"comment_status":"closed","ping_status":"closed","template":"","meta":{"footnotes":""},"class_list":["post-439","page","type-page","status-publish","hentry"],"yoast_head":"<!-- This site is optimized with the Yoast SEO plugin v27.3 - https:\/\/yoast.com\/product\/yoast-seo-wordpress\/ -->\n<title>Kosmetikartikel | Marsberg | Queens &amp; Divas Secret by Hono.Franke<\/title>\n<meta name=\"description\" content=\"Hier finden Sie unsere allgemeinen Gesch\u00e4ftsbedingungen.\" \/>\n<meta name=\"robots\" content=\"index, follow, max-snippet:-1, max-image-preview:large, max-video-preview:-1\" \/>\n<link rel=\"canonical\" href=\"https:\/\/queensanddivassecret.com\/en\/allgemeine-geschaeftsbedingungen\/\" \/>\n<meta property=\"og:locale\" content=\"en_GB\" \/>\n<meta property=\"og:type\" content=\"article\" \/>\n<meta property=\"og:title\" content=\"Kosmetikartikel | Marsberg | Queens &amp; Divas Secret by Hono.Franke\" \/>\n<meta property=\"og:description\" content=\"Hier finden Sie unsere allgemeinen Gesch\u00e4ftsbedingungen.\" \/>\n<meta property=\"og:url\" content=\"https:\/\/queensanddivassecret.com\/en\/allgemeine-geschaeftsbedingungen\/\" \/>\n<meta property=\"og:site_name\" content=\"Queens &amp; Divas Secret\" \/>\n<meta property=\"article:modified_time\" content=\"2026-03-31T11:49:40+00:00\" \/>\n<meta name=\"twitter:card\" content=\"summary_large_image\" \/>\n<meta name=\"twitter:label1\" content=\"Estimated reading time\" \/>\n\t<meta name=\"twitter:data1\" content=\"3 minutes\" \/>\n<script type=\"application\/ld+json\" class=\"yoast-schema-graph\">{\"@context\":\"https:\\\/\\\/schema.org\",\"@graph\":[{\"@type\":\"WebPage\",\"@id\":\"https:\\\/\\\/queensanddivassecret.com\\\/allgemeine-geschaeftsbedingungen\\\/\",\"url\":\"https:\\\/\\\/queensanddivassecret.com\\\/allgemeine-geschaeftsbedingungen\\\/\",\"name\":\"Kosmetikartikel | Marsberg | Queens & Divas Secret by Hono.Franke\",\"isPartOf\":{\"@id\":\"https:\\\/\\\/queensanddivassecret.com\\\/en\\\/#website\"},\"datePublished\":\"2023-08-25T07:35:19+00:00\",\"dateModified\":\"2026-03-31T11:49:40+00:00\",\"description\":\"Hier finden Sie unsere allgemeinen Gesch\u00e4ftsbedingungen.\",\"breadcrumb\":{\"@id\":\"https:\\\/\\\/queensanddivassecret.com\\\/allgemeine-geschaeftsbedingungen\\\/#breadcrumb\"},\"inLanguage\":\"en-GB\",\"potentialAction\":[{\"@type\":\"ReadAction\",\"target\":[\"https:\\\/\\\/queensanddivassecret.com\\\/allgemeine-geschaeftsbedingungen\\\/\"]}]},{\"@type\":\"BreadcrumbList\",\"@id\":\"https:\\\/\\\/queensanddivassecret.com\\\/allgemeine-geschaeftsbedingungen\\\/#breadcrumb\",\"itemListElement\":[{\"@type\":\"ListItem\",\"position\":1,\"name\":\"Home\",\"item\":\"https:\\\/\\\/queensanddivassecret.com\\\/\"},{\"@type\":\"ListItem\",\"position\":2,\"name\":\"Allgemeine Gesch\u00e4ftsbedingungen\"}]},{\"@type\":\"WebSite\",\"@id\":\"https:\\\/\\\/queensanddivassecret.com\\\/en\\\/#website\",\"url\":\"https:\\\/\\\/queensanddivassecret.com\\\/en\\\/\",\"name\":\"Queens &amp; Divas Secret\",\"description\":\"\",\"publisher\":{\"@id\":\"https:\\\/\\\/queensanddivassecret.com\\\/en\\\/#organization\"},\"potentialAction\":[{\"@type\":\"SearchAction\",\"target\":{\"@type\":\"EntryPoint\",\"urlTemplate\":\"https:\\\/\\\/queensanddivassecret.com\\\/en\\\/?s={search_term_string}\"},\"query-input\":{\"@type\":\"PropertyValueSpecification\",\"valueRequired\":true,\"valueName\":\"search_term_string\"}}],\"inLanguage\":\"en-GB\"},{\"@type\":\"Organization\",\"@id\":\"https:\\\/\\\/queensanddivassecret.com\\\/en\\\/#organization\",\"name\":\"Queens &amp; Divas Secret\",\"url\":\"https:\\\/\\\/queensanddivassecret.com\\\/en\\\/\",\"logo\":{\"@type\":\"ImageObject\",\"inLanguage\":\"en-GB\",\"@id\":\"https:\\\/\\\/queensanddivassecret.com\\\/en\\\/#\\\/schema\\\/logo\\\/image\\\/\",\"url\":\"https:\\\/\\\/queensanddivassecret.com\\\/wp-content\\\/uploads\\\/2023\\\/11\\\/LogoHonorineFranke.jpg\",\"contentUrl\":\"https:\\\/\\\/queensanddivassecret.com\\\/wp-content\\\/uploads\\\/2023\\\/11\\\/LogoHonorineFranke.jpg\",\"width\":960,\"height\":850,\"caption\":\"Queens &amp; Divas Secret\"},\"image\":{\"@id\":\"https:\\\/\\\/queensanddivassecret.com\\\/en\\\/#\\\/schema\\\/logo\\\/image\\\/\"}}]}<\/script>\n<!-- \/ Yoast SEO plugin. -->","yoast_head_json":{"title":"Kosmetikartikel | Marsberg | Queens & Divas Secret by Hono.Franke","description":"Hier finden Sie unsere allgemeinen Gesch\u00e4ftsbedingungen.","robots":{"index":"index","follow":"follow","max-snippet":"max-snippet:-1","max-image-preview":"max-image-preview:large","max-video-preview":"max-video-preview:-1"},"canonical":"https:\/\/queensanddivassecret.com\/en\/allgemeine-geschaeftsbedingungen\/","og_locale":"en_GB","og_type":"article","og_title":"Kosmetikartikel | Marsberg | Queens & Divas Secret by Hono.Franke","og_description":"Hier finden Sie unsere allgemeinen Gesch\u00e4ftsbedingungen.","og_url":"https:\/\/queensanddivassecret.com\/en\/allgemeine-geschaeftsbedingungen\/","og_site_name":"Queens &amp; Divas Secret","article_modified_time":"2026-03-31T11:49:40+00:00","twitter_card":"summary_large_image","twitter_misc":{"Estimated reading time":"3 minutes"},"schema":{"@context":"https:\/\/schema.org","@graph":[{"@type":"WebPage","@id":"https:\/\/queensanddivassecret.com\/allgemeine-geschaeftsbedingungen\/","url":"https:\/\/queensanddivassecret.com\/allgemeine-geschaeftsbedingungen\/","name":"Kosmetikartikel | Marsberg | Queens & Divas Secret by Hono.Franke","isPartOf":{"@id":"https:\/\/queensanddivassecret.com\/en\/#website"},"datePublished":"2023-08-25T07:35:19+00:00","dateModified":"2026-03-31T11:49:40+00:00","description":"Hier finden Sie unsere allgemeinen Gesch\u00e4ftsbedingungen.","breadcrumb":{"@id":"https:\/\/queensanddivassecret.com\/allgemeine-geschaeftsbedingungen\/#breadcrumb"},"inLanguage":"en-GB","potentialAction":[{"@type":"ReadAction","target":["https:\/\/queensanddivassecret.com\/allgemeine-geschaeftsbedingungen\/"]}]},{"@type":"BreadcrumbList","@id":"https:\/\/queensanddivassecret.com\/allgemeine-geschaeftsbedingungen\/#breadcrumb","itemListElement":[{"@type":"ListItem","position":1,"name":"Home","item":"https:\/\/queensanddivassecret.com\/"},{"@type":"ListItem","position":2,"name":"Allgemeine Gesch\u00e4ftsbedingungen"}]},{"@type":"WebSite","@id":"https:\/\/queensanddivassecret.com\/en\/#website","url":"https:\/\/queensanddivassecret.com\/en\/","name":"Queens &amp; Divas Secret","description":"","publisher":{"@id":"https:\/\/queensanddivassecret.com\/en\/#organization"},"potentialAction":[{"@type":"SearchAction","target":{"@type":"EntryPoint","urlTemplate":"https:\/\/queensanddivassecret.com\/en\/?s={search_term_string}"},"query-input":{"@type":"PropertyValueSpecification","valueRequired":true,"valueName":"search_term_string"}}],"inLanguage":"en-GB"},{"@type":"Organization","@id":"https:\/\/queensanddivassecret.com\/en\/#organization","name":"Queens &amp; Divas Secret","url":"https:\/\/queensanddivassecret.com\/en\/","logo":{"@type":"ImageObject","inLanguage":"en-GB","@id":"https:\/\/queensanddivassecret.com\/en\/#\/schema\/logo\/image\/","url":"https:\/\/queensanddivassecret.com\/wp-content\/uploads\/2023\/11\/LogoHonorineFranke.jpg","contentUrl":"https:\/\/queensanddivassecret.com\/wp-content\/uploads\/2023\/11\/LogoHonorineFranke.jpg","width":960,"height":850,"caption":"Queens &amp; Divas Secret"},"image":{"@id":"https:\/\/queensanddivassecret.com\/en\/#\/schema\/logo\/image\/"}}]}},"_links":{"self":[{"href":"https:\/\/queensanddivassecret.com\/en\/wp-json\/wp\/v2\/pages\/439","targetHints":{"allow":["GET"]}}],"collection":[{"href":"https:\/\/queensanddivassecret.com\/en\/wp-json\/wp\/v2\/pages"}],"about":[{"href":"https:\/\/queensanddivassecret.com\/en\/wp-json\/wp\/v2\/types\/page"}],"author":[{"embeddable":true,"href":"https:\/\/queensanddivassecret.com\/en\/wp-json\/wp\/v2\/users\/1"}],"replies":[{"embeddable":true,"href":"https:\/\/queensanddivassecret.com\/en\/wp-json\/wp\/v2\/comments?post=439"}],"version-history":[{"count":30,"href":"https:\/\/queensanddivassecret.com\/en\/wp-json\/wp\/v2\/pages\/439\/revisions"}],"predecessor-version":[{"id":2252,"href":"https:\/\/queensanddivassecret.com\/en\/wp-json\/wp\/v2\/pages\/439\/revisions\/2252"}],"wp:attachment":[{"href":"https:\/\/queensanddivassecret.com\/en\/wp-json\/wp\/v2\/media?parent=439"}],"curies":[{"name":"wp","href":"https:\/\/api.w.org\/{rel}","templated":true}]}}